{"id":201,"date":"2019-03-27T07:52:36","date_gmt":"2019-03-27T07:52:36","guid":{"rendered":"http:\/\/www.casa-oliveira-algarve.com\/de\/?page_id=201"},"modified":"2019-06-30T15:37:41","modified_gmt":"2019-06-30T15:37:41","slug":"welkom","status":"publish","type":"page","link":"https:\/\/www.casa-oliveira-algarve.com\/de\/","title":{"rendered":"Willkommen"},"content":{"rendered":"\t\t<div data-elementor-type=\"wp-post\" data-elementor-id=\"201\" class=\"elementor elementor-201\">\n\t\t\t\t\t\t<section class=\"elementor-section elementor-top-section elementor-element elementor-element-b693371 elementor-section-boxed elementor-section-height-default elementor-section-height-default\" data-id=\"b693371\" data-element_type=\"section\">\n\t\t\t\t\t\t<div class=\"elementor-container elementor-column-gap-default\">\n\t\t\t\t\t<div class=\"elementor-column elementor-col-33 elementor-top-column elementor-element elementor-element-755bbe1\" data-id=\"755bbe1\" data-element_type=\"column\">\n\t\t\t<div class=\"elementor-widget-wrap elementor-element-populated\">\n\t\t\t\t\t\t<div class=\"elementor-element elementor-element-0c0d17f elementor-widget elementor-widget-image\" data-id=\"0c0d17f\" data-element_type=\"widget\" data-widget_type=\"image.default\">\n\t\t\t\t<div class=\"elementor-widget-container\">\n\t\t\t\t\t\t\t\t\t\t\t\t\t\t<a href=\"https:\/\/www.casa-oliveira-algarve.com\/de\/unsere-ecke-der-algarve\/\">\n\t\t\t\t\t\t\t<img fetchpriority=\"high\" decoding=\"async\" width=\"320\" height=\"202\" src=\"https:\/\/www.casa-oliveira-algarve.com\/de\/wp-content\/uploads\/sites\/8\/2019\/05\/kruiwagen-1.jpg\" class=\"attachment-agama-blog-medium size-agama-blog-medium wp-image-1323\" alt=\"\" srcset=\"https:\/\/www.casa-oliveira-algarve.com\/de\/wp-content\/uploads\/sites\/8\/2019\/05\/kruiwagen-1.jpg 320w, https:\/\/www.casa-oliveira-algarve.com\/de\/wp-content\/uploads\/sites\/8\/2019\/05\/kruiwagen-1-300x189.jpg 300w\" sizes=\"(max-width: 320px) 100vw, 320px\" \/>\t\t\t\t\t\t\t\t<\/a>\n\t\t\t\t\t\t\t\t\t\t\t\t\t<\/div>\n\t\t\t\t<\/div>\n\t\t\t\t<div class=\"elementor-element elementor-element-13e562a elementor-align-center elementor-widget elementor-widget-button\" data-id=\"13e562a\" data-element_type=\"widget\" data-widget_type=\"button.default\">\n\t\t\t\t<div class=\"elementor-widget-container\">\n\t\t\t\t\t<div class=\"elementor-button-wrapper\">\n\t\t\t<a class=\"elementor-button elementor-button-link elementor-size-sm\" href=\"https:\/\/www.casa-oliveira-algarve.com\/de\/unsere-ecke-der-algarve\/\">\n\t\t\t\t\t\t<span class=\"elementor-button-content-wrapper\">\n\t\t\t\t\t\t\t\t\t<span class=\"elementor-button-text\">Auf einem Biohof \u00fcbernachten<\/span>\n\t\t\t\t\t<\/span>\n\t\t\t\t\t<\/a>\n\t\t<\/div>\n\t\t\t\t<\/div>\n\t\t\t\t<\/div>\n\t\t\t\t\t<\/div>\n\t\t<\/div>\n\t\t\t\t<div class=\"elementor-column elementor-col-33 elementor-top-column elementor-element elementor-element-7f489bd\" data-id=\"7f489bd\" data-element_type=\"column\">\n\t\t\t<div class=\"elementor-widget-wrap elementor-element-populated\">\n\t\t\t\t\t\t<div class=\"elementor-element elementor-element-4652aa5 elementor-widget elementor-widget-image\" data-id=\"4652aa5\" data-element_type=\"widget\" data-widget_type=\"image.default\">\n\t\t\t\t<div class=\"elementor-widget-container\">\n\t\t\t\t\t\t\t\t\t\t\t\t\t\t<a href=\"https:\/\/www.casa-oliveira-algarve.com\/de\/ferienhaus\/\">\n\t\t\t\t\t\t\t<img decoding=\"async\" width=\"320\" height=\"202\" src=\"https:\/\/www.casa-oliveira-algarve.com\/de\/wp-content\/uploads\/sites\/8\/2019\/04\/DSC_0204-320x202.jpg\" class=\"attachment-agama-blog-medium size-agama-blog-medium wp-image-1177\" alt=\"\" \/>\t\t\t\t\t\t\t\t<\/a>\n\t\t\t\t\t\t\t\t\t\t\t\t\t<\/div>\n\t\t\t\t<\/div>\n\t\t\t\t<div class=\"elementor-element elementor-element-35528a3 elementor-align-center elementor-widget elementor-widget-button\" data-id=\"35528a3\" data-element_type=\"widget\" data-widget_type=\"button.default\">\n\t\t\t\t<div class=\"elementor-widget-container\">\n\t\t\t\t\t<div class=\"elementor-button-wrapper\">\n\t\t\t<a class=\"elementor-button elementor-button-link elementor-size-sm\" href=\"https:\/\/www.casa-oliveira-algarve.com\/de\/ferienhaus\/\">\n\t\t\t\t\t\t<span class=\"elementor-button-content-wrapper\">\n\t\t\t\t\t\t\t\t\t<span class=\"elementor-button-text\">Sch\u00f6ne Umgebung f\u00fcr einen Urlaub<\/span>\n\t\t\t\t\t<\/span>\n\t\t\t\t\t<\/a>\n\t\t<\/div>\n\t\t\t\t<\/div>\n\t\t\t\t<\/div>\n\t\t\t\t\t<\/div>\n\t\t<\/div>\n\t\t\t\t<div class=\"elementor-column elementor-col-33 elementor-top-column elementor-element elementor-element-4565fa9\" data-id=\"4565fa9\" data-element_type=\"column\">\n\t\t\t<div class=\"elementor-widget-wrap elementor-element-populated\">\n\t\t\t\t\t\t<div class=\"elementor-element elementor-element-cc55e9e elementor-widget elementor-widget-image\" data-id=\"cc55e9e\" data-element_type=\"widget\" data-widget_type=\"image.default\">\n\t\t\t\t<div class=\"elementor-widget-container\">\n\t\t\t\t\t\t\t\t\t\t\t\t\t\t<a href=\"https:\/\/www.casa-oliveira-algarve.com\/de\/prijzen-en-beschikbaarheid\/\">\n\t\t\t\t\t\t\t<img decoding=\"async\" width=\"320\" height=\"202\" src=\"https:\/\/www.casa-oliveira-algarve.com\/de\/wp-content\/uploads\/sites\/8\/2019\/05\/image2-1.jpg\" class=\"attachment-agama-blog-medium size-agama-blog-medium wp-image-1301\" alt=\"\" srcset=\"https:\/\/www.casa-oliveira-algarve.com\/de\/wp-content\/uploads\/sites\/8\/2019\/05\/image2-1.jpg 320w, https:\/\/www.casa-oliveira-algarve.com\/de\/wp-content\/uploads\/sites\/8\/2019\/05\/image2-1-300x189.jpg 300w\" sizes=\"(max-width: 320px) 100vw, 320px\" \/>\t\t\t\t\t\t\t\t<\/a>\n\t\t\t\t\t\t\t\t\t\t\t\t\t<\/div>\n\t\t\t\t<\/div>\n\t\t\t\t<div class=\"elementor-element elementor-element-bb98a82 elementor-align-center elementor-widget elementor-widget-button\" data-id=\"bb98a82\" data-element_type=\"widget\" data-widget_type=\"button.default\">\n\t\t\t\t<div class=\"elementor-widget-container\">\n\t\t\t\t\t<div class=\"elementor-button-wrapper\">\n\t\t\t<a class=\"elementor-button elementor-button-link elementor-size-sm\" href=\"https:\/\/www.casa-oliveira-algarve.com\/pricesandavailability\/deutsch\/\" target=\"_blank\">\n\t\t\t\t\t\t<span class=\"elementor-button-content-wrapper\">\n\t\t\t\t\t\t\t\t\t<span class=\"elementor-button-text\">Unsere Preise und Verf\u00fcgbarkeiten<\/span>\n\t\t\t\t\t<\/span>\n\t\t\t\t\t<\/a>\n\t\t<\/div>\n\t\t\t\t<\/div>\n\t\t\t\t<\/div>\n\t\t\t\t\t<\/div>\n\t\t<\/div>\n\t\t\t\t\t<\/div>\n\t\t<\/section>\n\t\t\t\t<section class=\"elementor-section elementor-top-section elementor-element elementor-element-4b5c25e elementor-section-boxed elementor-section-height-default elementor-section-height-default\" data-id=\"4b5c25e\" data-element_type=\"section\">\n\t\t\t\t\t\t<div class=\"elementor-container elementor-column-gap-default\">\n\t\t\t\t\t<div class=\"elementor-column elementor-col-100 elementor-top-column elementor-element elementor-element-465ee95\" data-id=\"465ee95\" data-element_type=\"column\">\n\t\t\t<div class=\"elementor-widget-wrap elementor-element-populated\">\n\t\t\t\t\t\t<div class=\"elementor-element elementor-element-61a630d elementor-widget elementor-widget-spacer\" data-id=\"61a630d\" data-element_type=\"widget\" data-widget_type=\"spacer.default\">\n\t\t\t\t<div class=\"elementor-widget-container\">\n\t\t\t\t\t<div class=\"elementor-spacer\">\n\t\t\t<div class=\"elementor-spacer-inner\"><\/div>\n\t\t<\/div>\n\t\t\t\t<\/div>\n\t\t\t\t<\/div>\n\t\t\t\t\t<\/div>\n\t\t<\/div>\n\t\t\t\t\t<\/div>\n\t\t<\/section>\n\t\t\t\t<section class=\"elementor-section elementor-top-section elementor-element elementor-element-8c8d199 elementor-section-boxed elementor-section-height-default elementor-section-height-default\" data-id=\"8c8d199\" data-element_type=\"section\">\n\t\t\t\t\t\t<div class=\"elementor-container elementor-column-gap-default\">\n\t\t\t\t\t<div class=\"elementor-column elementor-col-100 elementor-top-column elementor-element elementor-element-82ab8c7\" data-id=\"82ab8c7\" data-element_type=\"column\">\n\t\t\t<div class=\"elementor-widget-wrap elementor-element-populated\">\n\t\t\t\t\t\t<div class=\"elementor-element elementor-element-af3d634 elementor-widget elementor-widget-heading\" data-id=\"af3d634\" data-element_type=\"widget\" data-widget_type=\"heading.default\">\n\t\t\t\t<div class=\"elementor-widget-container\">\n\t\t\t<h2 class=\"elementor-heading-title elementor-size-default\">Nachrichten:<\/h2>\t\t<\/div>\n\t\t\t\t<\/div>\n\t\t\t\t\t<\/div>\n\t\t<\/div>\n\t\t\t\t\t<\/div>\n\t\t<\/section>\n\t\t\t\t<section class=\"elementor-section elementor-top-section elementor-element elementor-element-381d12b elementor-section-boxed elementor-section-height-default elementor-section-height-default\" data-id=\"381d12b\" data-element_type=\"section\">\n\t\t\t\t\t\t<div class=\"elementor-container elementor-column-gap-default\">\n\t\t\t\t\t<div class=\"elementor-column elementor-col-33 elementor-top-column elementor-element elementor-element-e6748ed\" data-id=\"e6748ed\" data-element_type=\"column\">\n\t\t\t<div class=\"elementor-widget-wrap elementor-element-populated\">\n\t\t\t\t\t\t<div class=\"elementor-element elementor-element-d029805 elementor-widget elementor-widget-heading\" data-id=\"d029805\" data-element_type=\"widget\" data-widget_type=\"heading.default\">\n\t\t\t\t<div class=\"elementor-widget-container\">\n\t\t\t<h2 class=\"elementor-heading-title elementor-size-default\">Mandelbl\u00fctenlik\u00f6r<\/h2>\t\t<\/div>\n\t\t\t\t<\/div>\n\t\t\t\t<div class=\"elementor-element elementor-element-705d079 elementor-widget elementor-widget-image\" data-id=\"705d079\" data-element_type=\"widget\" data-widget_type=\"image.default\">\n\t\t\t\t<div class=\"elementor-widget-container\">\n\t\t\t\t\t\t\t\t\t\t\t\t\t<img loading=\"lazy\" decoding=\"async\" width=\"320\" height=\"202\" src=\"https:\/\/www.casa-oliveira-algarve.com\/de\/wp-content\/uploads\/sites\/8\/2019\/05\/image00009-320x202.jpg\" class=\"attachment-agama-blog-medium size-agama-blog-medium wp-image-1261\" alt=\"\" \/>\t\t\t\t\t\t\t\t\t\t\t\t\t<\/div>\n\t\t\t\t<\/div>\n\t\t\t\t\t<\/div>\n\t\t<\/div>\n\t\t\t\t<div class=\"elementor-column elementor-col-66 elementor-top-column elementor-element elementor-element-82bb697\" data-id=\"82bb697\" data-element_type=\"column\">\n\t\t\t<div class=\"elementor-widget-wrap elementor-element-populated\">\n\t\t\t\t\t\t<div class=\"elementor-element elementor-element-0f8e641 elementor-widget elementor-widget-spacer\" data-id=\"0f8e641\" data-element_type=\"widget\" data-widget_type=\"spacer.default\">\n\t\t\t\t<div class=\"elementor-widget-container\">\n\t\t\t\t\t<div class=\"elementor-spacer\">\n\t\t\t<div class=\"elementor-spacer-inner\"><\/div>\n\t\t<\/div>\n\t\t\t\t<\/div>\n\t\t\t\t<\/div>\n\t\t\t\t<div class=\"elementor-element elementor-element-0c1729b elementor-widget elementor-widget-heading\" data-id=\"0c1729b\" data-element_type=\"widget\" data-widget_type=\"heading.default\">\n\t\t\t\t<div class=\"elementor-widget-container\">\n\t\t\t<h2 class=\"elementor-heading-title elementor-size-default\">Portugiesische Traditionen<\/h2>\t\t<\/div>\n\t\t\t\t<\/div>\n\t\t\t\t<div class=\"elementor-element elementor-element-cf4c0fe elementor-widget elementor-widget-text-editor\" data-id=\"cf4c0fe\" data-element_type=\"widget\" data-widget_type=\"text-editor.default\">\n\t\t\t\t<div class=\"elementor-widget-container\">\n\t\t\t\t\t\t\t<p>Der Mandelbaum bl\u00fcht fr\u00fch im Jahr. F\u00fcr ca. 3 Wochen sind wir von den zart rosa und wei\u00df bl\u00fchenden B\u00e4umen umgeben. Ihr herrlicher Duft schwebt durch die Luft. Wenn die Bl\u00fcten am sch\u00f6nsten sind, pfl\u00fccken wir sie am fr\u00fchen Morgen,\u2026<\/p><p><a href=\"http:\/\/www.casa-oliveira-algarve.com\/de\/blog\/2019\/05\/04\/mandelblutenlikor\/\">Weiter lesen &gt;&gt;<\/a><\/p>\t\t\t\t\t\t<\/div>\n\t\t\t\t<\/div>\n\t\t\t\t\t<\/div>\n\t\t<\/div>\n\t\t\t\t\t<\/div>\n\t\t<\/section>\n\t\t\t\t<section class=\"elementor-section elementor-top-section elementor-element elementor-element-7584d8a elementor-section-boxed elementor-section-height-default elementor-section-height-default\" data-id=\"7584d8a\" data-element_type=\"section\">\n\t\t\t\t\t\t<div class=\"elementor-container elementor-column-gap-default\">\n\t\t\t\t\t<div class=\"elementor-column elementor-col-100 elementor-top-column elementor-element elementor-element-a8e3b7c\" data-id=\"a8e3b7c\" data-element_type=\"column\">\n\t\t\t<div class=\"elementor-widget-wrap elementor-element-populated\">\n\t\t\t\t\t\t<div class=\"elementor-element elementor-element-a21ccc8 elementor-widget elementor-widget-spacer\" data-id=\"a21ccc8\" data-element_type=\"widget\" data-widget_type=\"spacer.default\">\n\t\t\t\t<div class=\"elementor-widget-container\">\n\t\t\t\t\t<div class=\"elementor-spacer\">\n\t\t\t<div class=\"elementor-spacer-inner\"><\/div>\n\t\t<\/div>\n\t\t\t\t<\/div>\n\t\t\t\t<\/div>\n\t\t\t\t<div class=\"elementor-element elementor-element-c501163 elementor-widget elementor-widget-heading\" data-id=\"c501163\" data-element_type=\"widget\" data-widget_type=\"heading.default\">\n\t\t\t\t<div class=\"elementor-widget-container\">\n\t\t\t<h2 class=\"elementor-heading-title elementor-size-default\">Lust hier Urlaub zu machen? Jetzt unverbindlich Kontakt aufnehmen:<\/h2>\t\t<\/div>\n\t\t\t\t<\/div>\n\t\t\t\t\t<\/div>\n\t\t<\/div>\n\t\t\t\t\t<\/div>\n\t\t<\/section>\n\t\t\t\t<section class=\"elementor-section elementor-top-section elementor-element elementor-element-8901739 elementor-section-boxed elementor-section-height-default elementor-section-height-default\" data-id=\"8901739\" data-element_type=\"section\" data-settings=\"{&quot;background_background&quot;:&quot;classic&quot;}\">\n\t\t\t\t\t\t<div class=\"elementor-container elementor-column-gap-default\">\n\t\t\t\t\t<div class=\"elementor-column elementor-col-50 elementor-top-column elementor-element elementor-element-2e04f58\" data-id=\"2e04f58\" data-element_type=\"column\">\n\t\t\t<div class=\"elementor-widget-wrap elementor-element-populated\">\n\t\t\t\t\t\t<div class=\"elementor-element elementor-element-f906e2b elementor-widget elementor-widget-shortcode\" data-id=\"f906e2b\" data-element_type=\"widget\" data-widget_type=\"shortcode.default\">\n\t\t\t\t<div class=\"elementor-widget-container\">\n\t\t\t\t\t<div class=\"elementor-shortcode\">\n<div class=\"wpcf7 no-js\" id=\"wpcf7-f1557-o1\" lang=\"de-CH\" dir=\"ltr\">\n<div class=\"screen-reader-response\"><p role=\"status\" aria-live=\"polite\" aria-atomic=\"true\"><\/p> <ul><\/ul><\/div>\n<form action=\"\/de\/wp-json\/wp\/v2\/pages\/201#wpcf7-f1557-o1\" method=\"post\" class=\"wpcf7-form init\" aria-label=\"Contact form\" novalidate=\"novalidate\" data-status=\"init\">\n<div style=\"display: none;\">\n<input type=\"hidden\" name=\"_wpcf7\" value=\"1557\" \/>\n<input type=\"hidden\" name=\"_wpcf7_version\" value=\"5.7.7\" \/>\n<input type=\"hidden\" name=\"_wpcf7_locale\" value=\"de_CH_informal\" \/>\n<input type=\"hidden\" name=\"_wpcf7_unit_tag\" value=\"wpcf7-f1557-o1\" \/>\n<input type=\"hidden\" name=\"_wpcf7_container_post\" value=\"0\" \/>\n<input type=\"hidden\" name=\"_wpcf7_posted_data_hash\" value=\"\" \/>\n<input type=\"hidden\" name=\"_wpcf7_recaptcha_response\" value=\"\" \/>\n<\/div>\n<p><label> Ihr Name (Pflichtfeld)<br \/>\n<span class=\"wpcf7-form-control-wrap\" data-name=\"your-name\"><input size=\"40\" class=\"wpcf7-form-control wpcf7-text wpcf7-validates-as-required\" aria-required=\"true\" aria-invalid=\"false\" value=\"\" type=\"text\" name=\"your-name\" \/><\/span> <\/label>\n<\/p>\n<p><label> Ihre E-Mail-Adresse (Pflichtfeld)<br \/>\n<span class=\"wpcf7-form-control-wrap\" data-name=\"email-363\"><input size=\"40\" class=\"wpcf7-form-control wpcf7-text wpcf7-email wpcf7-validates-as-required wpcf7-validates-as-email\" aria-required=\"true\" aria-invalid=\"false\" value=\"\" type=\"email\" name=\"email-363\" \/><\/span> <\/label>\n<\/p>\n<p><label> Ihre Nachricht<br \/>\n<span class=\"wpcf7-form-control-wrap\" data-name=\"textarea-606\"><textarea cols=\"40\" rows=\"10\" class=\"wpcf7-form-control wpcf7-textarea\" aria-invalid=\"false\" name=\"textarea-606\"><\/textarea><\/span><\/label>\n<\/p>\n<p><input class=\"wpcf7-form-control has-spinner wpcf7-submit\" type=\"submit\" value=\"Senden\" \/>\n<\/p><div class=\"wpcf7-response-output\" aria-hidden=\"true\"><\/div>\n<\/form>\n<\/div>\n<\/div>\n\t\t\t\t<\/div>\n\t\t\t\t<\/div>\n\t\t\t\t\t<\/div>\n\t\t<\/div>\n\t\t\t\t<div class=\"elementor-column elementor-col-50 elementor-top-column elementor-element elementor-element-6f3a4f9\" data-id=\"6f3a4f9\" data-element_type=\"column\" data-settings=\"{&quot;background_background&quot;:&quot;classic&quot;}\">\n\t\t\t<div class=\"elementor-widget-wrap elementor-element-populated\">\n\t\t\t\t\t\t<div class=\"elementor-element elementor-element-f8e0695 elementor-widget elementor-widget-button\" data-id=\"f8e0695\" data-element_type=\"widget\" data-widget_type=\"button.default\">\n\t\t\t\t<div class=\"elementor-widget-container\">\n\t\t\t\t\t<div class=\"elementor-button-wrapper\">\n\t\t\t<a class=\"elementor-button elementor-button-link elementor-size-md\" href=\"https:\/\/www.casa-oliveira-algarve.com\/pricesandavailability\/deutsch\/\" target=\"_blank\">\n\t\t\t\t\t\t<span class=\"elementor-button-content-wrapper\">\n\t\t\t\t\t\t\t\t\t<span class=\"elementor-button-text\">Unsere Preise und Verf\u00fcgbarkeiten<\/span>\n\t\t\t\t\t<\/span>\n\t\t\t\t\t<\/a>\n\t\t<\/div>\n\t\t\t\t<\/div>\n\t\t\t\t<\/div>\n\t\t\t\t<div class=\"elementor-element elementor-element-2297b78 elementor-widget elementor-widget-text-editor\" data-id=\"2297b78\" data-element_type=\"widget\" data-widget_type=\"text-editor.default\">\n\t\t\t\t<div class=\"elementor-widget-container\">\n\t\t\t\t\t\t\t<p>Kommentare aus unserem G\u00e4stebuch:<\/p>\t\t\t\t\t\t<\/div>\n\t\t\t\t<\/div>\n\t\t\t\t<div class=\"elementor-element elementor-element-601306c elementor-widget elementor-widget-text-editor\" data-id=\"601306c\" data-element_type=\"widget\" data-widget_type=\"text-editor.default\">\n\t\t\t\t<div class=\"elementor-widget-container\">\n\t\t\t\t\t\t\t<h1><em>&#171;Tags\u00fcber haben wir unsere Spazierg\u00e4nge sehr genossen, und abends den Kamin, die Rufe der kleinen Eulen und die Ruhe.&#187;<\/em><\/h1>\t\t\t\t\t\t<\/div>\n\t\t\t\t<\/div>\n\t\t\t\t<div class=\"elementor-element elementor-element-0cc94c0 elementor-widget elementor-widget-image\" data-id=\"0cc94c0\" data-element_type=\"widget\" data-widget_type=\"image.default\">\n\t\t\t\t<div class=\"elementor-widget-container\">\n\t\t\t\t\t\t\t\t\t\t\t\t\t<img loading=\"lazy\" decoding=\"async\" width=\"510\" height=\"382\" src=\"https:\/\/www.casa-oliveira-algarve.com\/de\/wp-content\/uploads\/sites\/8\/2019\/05\/image00006.jpeg\" class=\"attachment-medium_large size-medium_large wp-image-1258\" alt=\"\" srcset=\"https:\/\/www.casa-oliveira-algarve.com\/de\/wp-content\/uploads\/sites\/8\/2019\/05\/image00006.jpeg 510w, https:\/\/www.casa-oliveira-algarve.com\/de\/wp-content\/uploads\/sites\/8\/2019\/05\/image00006-300x225.jpeg 300w, https:\/\/www.casa-oliveira-algarve.com\/de\/wp-content\/uploads\/sites\/8\/2019\/05\/image00006-400x300.jpeg 400w\" sizes=\"(max-width: 510px) 100vw, 510px\" \/>\t\t\t\t\t\t\t\t\t\t\t\t\t<\/div>\n\t\t\t\t<\/div>\n\t\t\t\t\t<\/div>\n\t\t<\/div>\n\t\t\t\t\t<\/div>\n\t\t<\/section>\n\t\t\t\t<\/div>\n\t\t","protected":false},"excerpt":{"rendered":"<p>Auf einem Biohof \u00fcbernachten Sch\u00f6ne Umgebung f\u00fcr einen Urlaub Unsere Preise und Verf\u00fcgbarkeiten Nachrichten: Mandelbl\u00fctenlik\u00f6r Portugiesische Traditionen Der Mandelbaum bl\u00fcht fr\u00fch im Jahr. F\u00fcr ca. 3 Wochen sind wir von den zart rosa und wei\u00df bl\u00fchenden B\u00e4umen umgeben. Ihr herrlicher Duft schwebt durch die Luft. Wenn die Bl\u00fcten am sch\u00f6nsten sind, pfl\u00fccken wir<\/p>\n<p><a class=\"more-link\" href=\"https:\/\/www.casa-oliveira-algarve.com\/de\/\">Read More<\/a><\/p>\n","protected":false},"author":1,"featured_media":0,"parent":0,"menu_order":0,"comment_status":"closed","ping_status":"closed","template":"","meta":[],"yoast_head":"<!-- This site is optimized with the Yoast SEO plugin v21.1 - https:\/\/yoast.com\/wordpress\/plugins\/seo\/ -->\n<title>Willkommen - https:\/\/www.casa-oliveira-algarve.com\/de\/<\/title>\n<meta name=\"robots\" content=\"index, follow, max-snippet:-1, max-image-preview:large, max-video-preview:-1\" \/>\n<link rel=\"canonical\" href=\"https:\/\/www.casa-oliveira-algarve.com\/de\/\" \/>\n<meta property=\"og:locale\" content=\"de_DE\" \/>\n<meta property=\"og:type\" content=\"article\" \/>\n<meta property=\"og:title\" content=\"Willkommen - https:\/\/www.casa-oliveira-algarve.com\/de\/\" \/>\n<meta property=\"og:description\" content=\"Auf einem Biohof \u00fcbernachten Sch\u00f6ne Umgebung f\u00fcr einen Urlaub Unsere Preise und Verf\u00fcgbarkeiten Nachrichten: Mandelbl\u00fctenlik\u00f6r Portugiesische Traditionen Der Mandelbaum bl\u00fcht fr\u00fch im Jahr. F\u00fcr ca. 3 Wochen sind wir von den zart rosa und wei\u00df bl\u00fchenden B\u00e4umen umgeben. Ihr herrlicher Duft schwebt durch die Luft. Wenn die Bl\u00fcten am sch\u00f6nsten sind, pfl\u00fccken wirRead More\" \/>\n<meta property=\"og:url\" content=\"https:\/\/www.casa-oliveira-algarve.com\/de\/\" \/>\n<meta property=\"og:site_name\" content=\"https:\/\/www.casa-oliveira-algarve.com\/de\/\" \/>\n<meta property=\"article:modified_time\" content=\"2019-06-30T15:37:41+00:00\" \/>\n<meta property=\"og:image\" content=\"http:\/\/www.casa-oliveira-algarve.com\/de\/wp-content\/uploads\/sites\/8\/2019\/05\/kruiwagen-1.jpg\" \/>\n<meta name=\"twitter:card\" content=\"summary_large_image\" \/>\n<meta name=\"twitter:label1\" content=\"Gesch\u00e4tzte Lesezeit\" \/>\n\t<meta name=\"twitter:data1\" content=\"1 Minute\" \/>\n<script type=\"application\/ld+json\" class=\"yoast-schema-graph\">{\"@context\":\"https:\/\/schema.org\",\"@graph\":[{\"@type\":\"WebPage\",\"@id\":\"https:\/\/www.casa-oliveira-algarve.com\/de\/\",\"url\":\"https:\/\/www.casa-oliveira-algarve.com\/de\/\",\"name\":\"Willkommen - https:\/\/www.casa-oliveira-algarve.com\/de\/\",\"isPartOf\":{\"@id\":\"https:\/\/www.casa-oliveira-algarve.com\/de\/#website\"},\"datePublished\":\"2019-03-27T07:52:36+00:00\",\"dateModified\":\"2019-06-30T15:37:41+00:00\",\"breadcrumb\":{\"@id\":\"https:\/\/www.casa-oliveira-algarve.com\/de\/#breadcrumb\"},\"inLanguage\":\"de-CH\",\"potentialAction\":[{\"@type\":\"ReadAction\",\"target\":[\"https:\/\/www.casa-oliveira-algarve.com\/de\/\"]}]},{\"@type\":\"BreadcrumbList\",\"@id\":\"https:\/\/www.casa-oliveira-algarve.com\/de\/#breadcrumb\",\"itemListElement\":[{\"@type\":\"ListItem\",\"position\":1,\"name\":\"Home\",\"item\":\"https:\/\/www.casa-oliveira-algarve.com\/de\/\"},{\"@type\":\"ListItem\",\"position\":2,\"name\":\"Willkommen\"}]},{\"@type\":\"WebSite\",\"@id\":\"https:\/\/www.casa-oliveira-algarve.com\/de\/#website\",\"url\":\"https:\/\/www.casa-oliveira-algarve.com\/de\/\",\"name\":\"https:\/\/www.casa-oliveira-algarve.com\/de\/\",\"description\":\"Leuk vakantiehuis in de Algarve, Portugal\",\"potentialAction\":[{\"@type\":\"SearchAction\",\"target\":{\"@type\":\"EntryPoint\",\"urlTemplate\":\"https:\/\/www.casa-oliveira-algarve.com\/de\/?s={search_term_string}\"},\"query-input\":\"required name=search_term_string\"}],\"inLanguage\":\"de-CH\"}]}<\/script>\n<!-- \/ Yoast SEO plugin. -->","yoast_head_json":{"title":"Willkommen - https:\/\/www.casa-oliveira-algarve.com\/de\/","robots":{"index":"index","follow":"follow","max-snippet":"max-snippet:-1","max-image-preview":"max-image-preview:large","max-video-preview":"max-video-preview:-1"},"canonical":"https:\/\/www.casa-oliveira-algarve.com\/de\/","og_locale":"de_DE","og_type":"article","og_title":"Willkommen - https:\/\/www.casa-oliveira-algarve.com\/de\/","og_description":"Auf einem Biohof \u00fcbernachten Sch\u00f6ne Umgebung f\u00fcr einen Urlaub Unsere Preise und Verf\u00fcgbarkeiten Nachrichten: Mandelbl\u00fctenlik\u00f6r Portugiesische Traditionen Der Mandelbaum bl\u00fcht fr\u00fch im Jahr. F\u00fcr ca. 3 Wochen sind wir von den zart rosa und wei\u00df bl\u00fchenden B\u00e4umen umgeben. Ihr herrlicher Duft schwebt durch die Luft. Wenn die Bl\u00fcten am sch\u00f6nsten sind, pfl\u00fccken wirRead More","og_url":"https:\/\/www.casa-oliveira-algarve.com\/de\/","og_site_name":"https:\/\/www.casa-oliveira-algarve.com\/de\/","article_modified_time":"2019-06-30T15:37:41+00:00","og_image":[{"url":"http:\/\/www.casa-oliveira-algarve.com\/de\/wp-content\/uploads\/sites\/8\/2019\/05\/kruiwagen-1.jpg"}],"twitter_card":"summary_large_image","twitter_misc":{"Gesch\u00e4tzte Lesezeit":"1 Minute"},"schema":{"@context":"https:\/\/schema.org","@graph":[{"@type":"WebPage","@id":"https:\/\/www.casa-oliveira-algarve.com\/de\/","url":"https:\/\/www.casa-oliveira-algarve.com\/de\/","name":"Willkommen - https:\/\/www.casa-oliveira-algarve.com\/de\/","isPartOf":{"@id":"https:\/\/www.casa-oliveira-algarve.com\/de\/#website"},"datePublished":"2019-03-27T07:52:36+00:00","dateModified":"2019-06-30T15:37:41+00:00","breadcrumb":{"@id":"https:\/\/www.casa-oliveira-algarve.com\/de\/#breadcrumb"},"inLanguage":"de-CH","potentialAction":[{"@type":"ReadAction","target":["https:\/\/www.casa-oliveira-algarve.com\/de\/"]}]},{"@type":"BreadcrumbList","@id":"https:\/\/www.casa-oliveira-algarve.com\/de\/#breadcrumb","itemListElement":[{"@type":"ListItem","position":1,"name":"Home","item":"https:\/\/www.casa-oliveira-algarve.com\/de\/"},{"@type":"ListItem","position":2,"name":"Willkommen"}]},{"@type":"WebSite","@id":"https:\/\/www.casa-oliveira-algarve.com\/de\/#website","url":"https:\/\/www.casa-oliveira-algarve.com\/de\/","name":"https:\/\/www.casa-oliveira-algarve.com\/de\/","description":"Leuk vakantiehuis in de Algarve, Portugal","potentialAction":[{"@type":"SearchAction","target":{"@type":"EntryPoint","urlTemplate":"https:\/\/www.casa-oliveira-algarve.com\/de\/?s={search_term_string}"},"query-input":"required name=search_term_string"}],"inLanguage":"de-CH"}]}},"_links":{"self":[{"href":"https:\/\/www.casa-oliveira-algarve.com\/de\/wp-json\/wp\/v2\/pages\/201"}],"collection":[{"href":"https:\/\/www.casa-oliveira-algarve.com\/de\/wp-json\/wp\/v2\/pages"}],"about":[{"href":"https:\/\/www.casa-oliveira-algarve.com\/de\/wp-json\/wp\/v2\/types\/page"}],"author":[{"embeddable":true,"href":"https:\/\/www.casa-oliveira-algarve.com\/de\/wp-json\/wp\/v2\/users\/1"}],"replies":[{"embeddable":true,"href":"https:\/\/www.casa-oliveira-algarve.com\/de\/wp-json\/wp\/v2\/comments?post=201"}],"version-history":[{"count":208,"href":"https:\/\/www.casa-oliveira-algarve.com\/de\/wp-json\/wp\/v2\/pages\/201\/revisions"}],"predecessor-version":[{"id":1658,"href":"https:\/\/www.casa-oliveira-algarve.com\/de\/wp-json\/wp\/v2\/pages\/201\/revisions\/1658"}],"wp:attachment":[{"href":"https:\/\/www.casa-oliveira-algarve.com\/de\/wp-json\/wp\/v2\/media?parent=201"}],"curies":[{"name":"wp","href":"https:\/\/api.w.org\/{rel}","templated":true}]}}